{"id":389,"date":"2024-11-11T08:15:33","date_gmt":"2024-11-11T07:15:33","guid":{"rendered":"https:\/\/w3pm.onofficeweb.com\/pagina-detallada\/"},"modified":"2024-11-11T08:16:15","modified_gmt":"2024-11-11T07:16:15","slug":"pagina-detallada","status":"publish","type":"page","link":"https:\/\/w3pm.onofficeweb.com\/es\/pagina-detallada\/","title":{"rendered":"P\u00e1gina detallada"},"content":{"rendered":"<div class=\"oo-detailview-helper\"><p class=\"oo-detailview-helper-text oo-detailview-helper-text--default\">Has abierto la p\u00e1gina de detalle, pero no sabemos qu\u00e9 inmueble mostrarte, porque no hay ning\u00fan ID de inmueble en la URL. Ve a la lista de inmueble y abre uno desde all\u00ed.<\/p><\/div>\n","protected":false},"excerpt":{"rendered":"","protected":false},"author":1,"featured_media":0,"parent":0,"menu_order":0,"comment_status":"closed","ping_status":"closed","template":"","meta":{"neve_meta_sidebar":"","neve_meta_container":"","neve_meta_enable_content_width":"","neve_meta_content_width":0,"neve_meta_title_alignment":"","neve_meta_author_avatar":"","neve_post_elements_order":"","neve_meta_disable_header":"","neve_meta_disable_footer":"","neve_meta_disable_title":"","footnotes":""},"class_list":["post-389","page","type-page","status-publish","hentry"],"_links":{"self":[{"href":"https:\/\/w3pm.onofficeweb.com\/es\/wp-json\/wp\/v2\/pages\/389","targetHints":{"allow":["GET"]}}],"collection":[{"href":"https:\/\/w3pm.onofficeweb.com\/es\/wp-json\/wp\/v2\/pages"}],"about":[{"href":"https:\/\/w3pm.onofficeweb.com\/es\/wp-json\/wp\/v2\/types\/page"}],"author":[{"embeddable":true,"href":"https:\/\/w3pm.onofficeweb.com\/es\/wp-json\/wp\/v2\/users\/1"}],"replies":[{"embeddable":true,"href":"https:\/\/w3pm.onofficeweb.com\/es\/wp-json\/wp\/v2\/comments?post=389"}],"version-history":[{"count":3,"href":"https:\/\/w3pm.onofficeweb.com\/es\/wp-json\/wp\/v2\/pages\/389\/revisions"}],"predecessor-version":[{"id":392,"href":"https:\/\/w3pm.onofficeweb.com\/es\/wp-json\/wp\/v2\/pages\/389\/revisions\/392"}],"wp:attachment":[{"href":"https:\/\/w3pm.onofficeweb.com\/es\/wp-json\/wp\/v2\/media?parent=389"}],"curies":[{"name":"wp","href":"https:\/\/api.w.org\/{rel}","templated":true}]}}